{"id":5150,"date":"2017-10-19T14:48:51","date_gmt":"2017-10-19T12:48:51","guid":{"rendered":"http:\/\/www.z-e-d.eu\/?post_type=product&#038;p=5150"},"modified":"2018-04-10T06:31:41","modified_gmt":"2018-04-10T04:31:41","slug":"briefkasten-edelstahl-b1-big-antik","status":"publish","type":"product","link":"https:\/\/www.z-e-d.eu\/de\/produkt\/briefkasten-edelstahl-b1-big-antik","title":{"rendered":"letterbox stainless steel B1 Big Antik"},"content":{"rendered":"<p>Mit dem letterbox stainless steel B1 Big Antik haben wir das bew\u00e4hrte newspaper compartment unserer <a href=\"https:\/\/www.z-e-d.eu\/de\/edelstahl-zed\/b1\/\">B1 letterboxanlagen<\/a> in den letterbox integriert.<br \/>\nDies bietet neben der viel einfacheren Entnahme Ihrer Post und Zeitungen \u00fcber eine gro\u00dfe Entnahmet\u00fcr auch einen erh\u00f6hten Feuchtigkeitsschutz.<br \/>\nSowohl der Briefeinwurf als auch der Einwurf f\u00fcr die Zeitungen befinden sich auf der Oberseite des letterboxs. Eine gro\u00dfe Verschlussklappe verhindert das Eindringen von Wasser und garantiert einen trockenen Innenraum.<br \/>\nDas newspaper compartment ist r\u00e4umlich durch eine Zwischenwand vom eigentlichen letterbox getrennt.<br \/>\nDie Entnahme erfolgt f\u00fcr beide \u00fcber die Frontt\u00fcr.<br \/>\nJe nachdem f\u00fcr welche Anschlagvariante (Schloss links oder rechts) Sie sich entschieden haben, schlie\u00dfen Sie den letterbox \u00fcber das Schloss auf der linken oder rechten Seite auf.<br \/>\nDabei wirkt die gesamte Frontplatte als T\u00fcr und schwenkt dementsprechend mit auf die gew\u00fcnschte Seite.<br \/>\nStandardm\u00e4\u00dfig liefern wir alle letterboxanlagen mit zwei Schl\u00fcssel aus.<\/p>\n<h4>Baubronze f\u00fcr ein besonderes Design<\/h4>\n<p>Eine Besonderheit des letterbox stainless steel B1 Big Antik ist seine Frontplatte aus 2mm dickem Messing bronziert.<br \/>\nMit der Zeit erh\u00e4lt die Frontplatte durch die \u00e4u\u00dferlichen Witterungen eine einmalige Patina und gerade bei Alt- oder historischen Bauten ist diese letterboxanlage dann ein<br \/>\nwahrer Hingucker.<\/p>\n<p>Auf Wunsch k\u00f6nnen wir Ihrer Frontplatte auch einen pers\u00f6nlichen Touch geben, indem wir Ihren Namen mit modernster Lasertechnik eingravieren.<br \/>\nBei dieser Methode wird die Beschriftung innerhalb der Metallstruktur eingebrannt, sodass sie vor \u00e4u\u00dferen Einfl\u00fcssen und Witterungen perfekt gesch\u00fctzt ist.<br \/>\nZudem k\u00f6nnen wir Ihnen auch einen Schriftzug mit &#8220;POST&#8221; und &#8220;ZEITUNG&#8221; eingravieren.<\/p>\n<p>Das Deckblech hat ein Gesamtma\u00df von 450x400mm (BxH).<\/p>\n<p>Der Korpus und seine angebauten Bauteile werden von uns in RAL7016 pulverbeschichtet. Dies garantiert neben der grandiosen Optik zusammen mit der Baubronze eine sehr<br \/>\nhohe Abriebfestigkeit und Langlebigkeit.<\/p>\n<p>Die Montage der B1 Big letterboxanlage kann an jeder Hauswand vorgenommen werden. Die Befestigung erfolgt mit Hilfe der vier mitgelieferten Schrauben und D\u00fcbel.<\/p>\n<p><strong>Gesamtma\u00dfe<\/strong><br \/>\nDeckblech: 500x400mm<br \/>\nKorpus: 420x390x130mm<br \/>\nEinwurf Briefe: 250x35mm<br \/>\nEinwurf Zeitung: 125x80mm<\/p>\n<h4>Reinigung des letterbox stainless steel B1 Big Antik freistehend<\/h4>\n<p>Um die hohe Qualit\u00e4t und Haltbarkeit der gesamten letterboxanlage zu garantieren, ist eine regelm\u00e4\u00dfige Reinigung und Pflege sehr wichtig.<br \/>\nIm Lieferumfang erhalten Sie eine Dose <a href=\"https:\/\/www.z-e-d.eu\/de\/produkt\/edelstahl-reiniger-spruehdose\/\">Reinigungsmittel<\/a>\u00a0mit dessen Hilfe sie die Anlage die Anlage alle 4-6 Wochen reinigen m\u00fcssen.<br \/>\nGerade in den Wintermonaten oder bei einem Wohnsitz unmittelbar an einem Gew\u00e4sser ist die Pflege besonders wichtig.<\/p>","protected":false},"excerpt":{"rendered":"<p>Hochwertig gefertigter stainless steel Design letterbox mit integriertem newspaper compartment<br \/>\nMa\u00df 500x450x140mm<br \/>\nOptional: Glasperlgestrahlter Schriftzug &#8220;POST&#8221; und &#8220;ZEITUNG&#8221; in den beiden oberen Ecken.<br \/>\nFrontblende aus 2mm Messing Baubronze<br \/>\nKorpus 1,5mm powder-coated RAL7016 oder polished stainless steel.<br \/>\nPost- und Zeitungseinwurf von oben \/ Schloss seitlich inkl. 2 Schl\u00fcssel<br \/>\nOptimaler Wasserschutz<br \/>\nEinwurfgr\u00f6\u00dfe passend f\u00fcr C4 Umschl\u00e4ge<\/p>\n<p>Erh\u00e4ltlich mit links angeschlagener T\u00fcr ( Schloss rechts )<br \/>\noder T\u00fcr rechts angeschlagen ( Schloss links )<\/p>\n<p>optionale Namensbeschriftung m\u00f6glich<\/p>\n<p>Lieferung inkl. stainless steel-Montagematerial<\/p>","protected":false},"featured_media":7605,"template":"","meta":[],"product_brand":[],"product_cat":[171,179],"product_tag":[],"class_list":{"0":"post-5150","1":"product","2":"type-product","3":"status-publish","4":"has-post-thumbnail","6":"product_cat-briefkasten-b1-big","7":"product_cat-b1-big-antik","9":"first","10":"instock","11":"taxable","12":"shipping-taxable","13":"purchasable","14":"product-type-variable"},"yoast_head":"<!-- This site is optimized with the Yoast SEO plugin v27.4 - https:\/\/yoast.com\/product\/yoast-seo-wordpress\/ -->\n<title>letterbox stainless steel B1 Big Antik | z-e-d.eu<\/title>\n<meta name=\"description\" content=\"letterbox Brass B1 Big Antique. letterbox and newspaper compartment in one unit. Front panel made of 2mm bronzed brass. Body stainless steel or powder coated. Optional name lettering possible.\" \/>\n<meta name=\"robots\" content=\"index, follow, max-snippet:-1, max-image-preview:large, max-video-preview:-1\" \/>\n<link rel=\"canonical\" href=\"https:\/\/www.z-e-d.eu\/de\/produkt\/briefkasten-edelstahl-b1-big-antik\/\" \/>\n<meta property=\"og:locale\" content=\"de_DE\" \/>\n<meta property=\"og:type\" content=\"article\" \/>\n<meta property=\"og:title\" content=\"letterbox stainless steel B1 Big Antik | z-e-d.eu\" \/>\n<meta property=\"og:description\" content=\"letterbox Brass B1 Big Antique. letterbox and newspaper compartment in one unit. Front panel made of 2mm bronzed brass. Body stainless steel or powder coated. Optional name lettering possible.\" \/>\n<meta property=\"og:url\" content=\"https:\/\/www.z-e-d.eu\/de\/produkt\/briefkasten-edelstahl-b1-big-antik\/\" \/>\n<meta property=\"og:site_name\" content=\"Letterbox and doorbell made of stainless steel\" \/>\n<meta property=\"article:publisher\" content=\"https:\/\/www.facebook.com\/z-e-d-442766579137734\/\" \/>\n<meta property=\"article:modified_time\" content=\"2018-04-10T04:31:41+00:00\" \/>\n<meta property=\"og:image\" content=\"https:\/\/www.z-e-d.eu\/wp-content\/uploads\/2017\/10\/B1-Big-Antik.jpg\" \/>\n\t<meta property=\"og:image:width\" content=\"1000\" \/>\n\t<meta property=\"og:image:height\" content=\"1000\" \/>\n\t<meta property=\"og:image:type\" content=\"image\/jpeg\" \/>\n<meta name=\"twitter:card\" content=\"summary_large_image\" \/>\n<meta name=\"twitter:label1\" content=\"Gesch\u00e4tzte Lesezeit\" \/>\n\t<meta name=\"twitter:data1\" content=\"2\u00a0Minuten\" \/>\n<script type=\"application\/ld+json\" class=\"yoast-schema-graph\">{\"@context\":\"https:\\\/\\\/schema.org\",\"@graph\":[{\"@type\":\"WebPage\",\"@id\":\"https:\\\/\\\/www.z-e-d.eu\\\/produkt\\\/briefkasten-edelstahl-b1-big-antik\",\"url\":\"https:\\\/\\\/www.z-e-d.eu\\\/produkt\\\/briefkasten-edelstahl-b1-big-antik\",\"name\":\"letterbox stainless steel B1 Big Antik | z-e-d.eu\",\"isPartOf\":{\"@id\":\"https:\\\/\\\/www.z-e-d.eu\\\/#website\"},\"primaryImageOfPage\":{\"@id\":\"https:\\\/\\\/www.z-e-d.eu\\\/produkt\\\/briefkasten-edelstahl-b1-big-antik#primaryimage\"},\"image\":{\"@id\":\"https:\\\/\\\/www.z-e-d.eu\\\/produkt\\\/briefkasten-edelstahl-b1-big-antik#primaryimage\"},\"thumbnailUrl\":\"https:\\\/\\\/www.z-e-d.eu\\\/wp-content\\\/uploads\\\/2017\\\/10\\\/B1-Big-Antik.jpg\",\"datePublished\":\"2017-10-19T12:48:51+00:00\",\"dateModified\":\"2018-04-10T04:31:41+00:00\",\"description\":\"letterbox Brass B1 Big Antique. letterbox and newspaper compartment in one unit. Front panel made of 2mm bronzed brass. Body stainless steel or powder coated. Optional name lettering possible.\",\"breadcrumb\":{\"@id\":\"https:\\\/\\\/www.z-e-d.eu\\\/produkt\\\/briefkasten-edelstahl-b1-big-antik#breadcrumb\"},\"inLanguage\":\"de\",\"potentialAction\":[{\"@type\":\"ReadAction\",\"target\":[\"https:\\\/\\\/www.z-e-d.eu\\\/produkt\\\/briefkasten-edelstahl-b1-big-antik\"]}]},{\"@type\":\"ImageObject\",\"inLanguage\":\"de\",\"@id\":\"https:\\\/\\\/www.z-e-d.eu\\\/produkt\\\/briefkasten-edelstahl-b1-big-antik#primaryimage\",\"url\":\"https:\\\/\\\/www.z-e-d.eu\\\/wp-content\\\/uploads\\\/2017\\\/10\\\/B1-Big-Antik.jpg\",\"contentUrl\":\"https:\\\/\\\/www.z-e-d.eu\\\/wp-content\\\/uploads\\\/2017\\\/10\\\/B1-Big-Antik.jpg\",\"width\":1000,\"height\":1000,\"caption\":\"letterbox Messing newspaper compartment Baubronze\"},{\"@type\":\"BreadcrumbList\",\"@id\":\"https:\\\/\\\/www.z-e-d.eu\\\/produkt\\\/briefkasten-edelstahl-b1-big-antik#breadcrumb\",\"itemListElement\":[{\"@type\":\"ListItem\",\"position\":1,\"name\":\"Startseite\",\"item\":\"https:\\\/\\\/www.z-e-d.eu\\\/\"},{\"@type\":\"ListItem\",\"position\":2,\"name\":\"Shop\",\"item\":\"https:\\\/\\\/www.z-e-d.eu\\\/shop\"},{\"@type\":\"ListItem\",\"position\":3,\"name\":\"letterbox stainless steel B1 Big Antik\"}]},{\"@type\":\"WebSite\",\"@id\":\"https:\\\/\\\/www.z-e-d.eu\\\/#website\",\"url\":\"https:\\\/\\\/www.z-e-d.eu\\\/\",\"name\":\"Letterbox and doorbell made of stainless steel\",\"description\":\"Stainless steel bell systems and letterboxes\",\"publisher\":{\"@id\":\"https:\\\/\\\/www.z-e-d.eu\\\/#organization\"},\"potentialAction\":[{\"@type\":\"SearchAction\",\"target\":{\"@type\":\"EntryPoint\",\"urlTemplate\":\"https:\\\/\\\/www.z-e-d.eu\\\/?s={search_term_string}\"},\"query-input\":{\"@type\":\"PropertyValueSpecification\",\"valueRequired\":true,\"valueName\":\"search_term_string\"}}],\"inLanguage\":\"de\"},{\"@type\":\"Organization\",\"@id\":\"https:\\\/\\\/www.z-e-d.eu\\\/#organization\",\"name\":\"z-e-d\",\"url\":\"https:\\\/\\\/www.z-e-d.eu\\\/\",\"logo\":{\"@type\":\"ImageObject\",\"inLanguage\":\"de\",\"@id\":\"https:\\\/\\\/www.z-e-d.eu\\\/#\\\/schema\\\/logo\\\/image\\\/\",\"url\":\"https:\\\/\\\/www.z-e-d.eu\\\/wp-content\\\/uploads\\\/2016\\\/10\\\/Logo_zed.png\",\"contentUrl\":\"https:\\\/\\\/www.z-e-d.eu\\\/wp-content\\\/uploads\\\/2016\\\/10\\\/Logo_zed.png\",\"width\":698,\"height\":150,\"caption\":\"z-e-d\"},\"image\":{\"@id\":\"https:\\\/\\\/www.z-e-d.eu\\\/#\\\/schema\\\/logo\\\/image\\\/\"},\"sameAs\":[\"https:\\\/\\\/www.facebook.com\\\/z-e-d-442766579137734\\\/\",\"https:\\\/\\\/www.youtube.com\\\/channel\\\/UC0lZlac2R6Jtuxc3xznKGeQ\"]}]}<\/script>\n<!-- \/ Yoast SEO plugin. -->","yoast_head_json":{"title":"letterbox stainless steel B1 Big Antik | z-e-d.eu","description":"letterbox Brass B1 Big Antique. letterbox and newspaper compartment in one unit. Front panel made of 2mm bronzed brass. Body stainless steel or powder coated. Optional name lettering possible.","robots":{"index":"index","follow":"follow","max-snippet":"max-snippet:-1","max-image-preview":"max-image-preview:large","max-video-preview":"max-video-preview:-1"},"canonical":"https:\/\/www.z-e-d.eu\/de\/produkt\/briefkasten-edelstahl-b1-big-antik\/","og_locale":"de_DE","og_type":"article","og_title":"letterbox stainless steel B1 Big Antik | z-e-d.eu","og_description":"letterbox Brass B1 Big Antique. letterbox and newspaper compartment in one unit. Front panel made of 2mm bronzed brass. Body stainless steel or powder coated. Optional name lettering possible.","og_url":"https:\/\/www.z-e-d.eu\/de\/produkt\/briefkasten-edelstahl-b1-big-antik\/","og_site_name":"Letterbox and doorbell made of stainless steel","article_publisher":"https:\/\/www.facebook.com\/z-e-d-442766579137734\/","article_modified_time":"2018-04-10T04:31:41+00:00","og_image":[{"width":1000,"height":1000,"url":"https:\/\/www.z-e-d.eu\/wp-content\/uploads\/2017\/10\/B1-Big-Antik.jpg","type":"image\/jpeg"}],"twitter_card":"summary_large_image","twitter_misc":{"Gesch\u00e4tzte Lesezeit":"2\u00a0Minuten"},"schema":{"@context":"https:\/\/schema.org","@graph":[{"@type":"WebPage","@id":"https:\/\/www.z-e-d.eu\/produkt\/briefkasten-edelstahl-b1-big-antik","url":"https:\/\/www.z-e-d.eu\/produkt\/briefkasten-edelstahl-b1-big-antik","name":"letterbox stainless steel B1 Big Antik | z-e-d.eu","isPartOf":{"@id":"https:\/\/www.z-e-d.eu\/#website"},"primaryImageOfPage":{"@id":"https:\/\/www.z-e-d.eu\/produkt\/briefkasten-edelstahl-b1-big-antik#primaryimage"},"image":{"@id":"https:\/\/www.z-e-d.eu\/produkt\/briefkasten-edelstahl-b1-big-antik#primaryimage"},"thumbnailUrl":"https:\/\/www.z-e-d.eu\/wp-content\/uploads\/2017\/10\/B1-Big-Antik.jpg","datePublished":"2017-10-19T12:48:51+00:00","dateModified":"2018-04-10T04:31:41+00:00","description":"letterbox Brass B1 Big Antique. letterbox and newspaper compartment in one unit. Front panel made of 2mm bronzed brass. Body stainless steel or powder coated. Optional name lettering possible.","breadcrumb":{"@id":"https:\/\/www.z-e-d.eu\/produkt\/briefkasten-edelstahl-b1-big-antik#breadcrumb"},"inLanguage":"de","potentialAction":[{"@type":"ReadAction","target":["https:\/\/www.z-e-d.eu\/produkt\/briefkasten-edelstahl-b1-big-antik"]}]},{"@type":"ImageObject","inLanguage":"de","@id":"https:\/\/www.z-e-d.eu\/produkt\/briefkasten-edelstahl-b1-big-antik#primaryimage","url":"https:\/\/www.z-e-d.eu\/wp-content\/uploads\/2017\/10\/B1-Big-Antik.jpg","contentUrl":"https:\/\/www.z-e-d.eu\/wp-content\/uploads\/2017\/10\/B1-Big-Antik.jpg","width":1000,"height":1000,"caption":"letterbox Messing newspaper compartment Baubronze"},{"@type":"BreadcrumbList","@id":"https:\/\/www.z-e-d.eu\/produkt\/briefkasten-edelstahl-b1-big-antik#breadcrumb","itemListElement":[{"@type":"ListItem","position":1,"name":"Startseite","item":"https:\/\/www.z-e-d.eu\/"},{"@type":"ListItem","position":2,"name":"Shop","item":"https:\/\/www.z-e-d.eu\/shop"},{"@type":"ListItem","position":3,"name":"letterbox stainless steel B1 Big Antik"}]},{"@type":"WebSite","@id":"https:\/\/www.z-e-d.eu\/#website","url":"https:\/\/www.z-e-d.eu\/","name":"Letterbox and doorbell made of stainless steel","description":"Stainless steel bell systems and letterboxes","publisher":{"@id":"https:\/\/www.z-e-d.eu\/#organization"},"potentialAction":[{"@type":"SearchAction","target":{"@type":"EntryPoint","urlTemplate":"https:\/\/www.z-e-d.eu\/?s={search_term_string}"},"query-input":{"@type":"PropertyValueSpecification","valueRequired":true,"valueName":"search_term_string"}}],"inLanguage":"de"},{"@type":"Organization","@id":"https:\/\/www.z-e-d.eu\/#organization","name":"z-e-d","url":"https:\/\/www.z-e-d.eu\/","logo":{"@type":"ImageObject","inLanguage":"de","@id":"https:\/\/www.z-e-d.eu\/#\/schema\/logo\/image\/","url":"https:\/\/www.z-e-d.eu\/wp-content\/uploads\/2016\/10\/Logo_zed.png","contentUrl":"https:\/\/www.z-e-d.eu\/wp-content\/uploads\/2016\/10\/Logo_zed.png","width":698,"height":150,"caption":"z-e-d"},"image":{"@id":"https:\/\/www.z-e-d.eu\/#\/schema\/logo\/image\/"},"sameAs":["https:\/\/www.facebook.com\/z-e-d-442766579137734\/","https:\/\/www.youtube.com\/channel\/UC0lZlac2R6Jtuxc3xznKGeQ"]}]}},"_links":{"self":[{"href":"https:\/\/www.z-e-d.eu\/de\/wp-json\/wp\/v2\/product\/5150","targetHints":{"allow":["GET"]}}],"collection":[{"href":"https:\/\/www.z-e-d.eu\/de\/wp-json\/wp\/v2\/product"}],"about":[{"href":"https:\/\/www.z-e-d.eu\/de\/wp-json\/wp\/v2\/types\/product"}],"wp:featuredmedia":[{"embeddable":true,"href":"https:\/\/www.z-e-d.eu\/de\/wp-json\/wp\/v2\/media\/7605"}],"wp:attachment":[{"href":"https:\/\/www.z-e-d.eu\/de\/wp-json\/wp\/v2\/media?parent=5150"}],"wp:term":[{"taxonomy":"product_brand","embeddable":true,"href":"https:\/\/www.z-e-d.eu\/de\/wp-json\/wp\/v2\/product_brand?post=5150"},{"taxonomy":"product_cat","embeddable":true,"href":"https:\/\/www.z-e-d.eu\/de\/wp-json\/wp\/v2\/product_cat?post=5150"},{"taxonomy":"product_tag","embeddable":true,"href":"https:\/\/www.z-e-d.eu\/de\/wp-json\/wp\/v2\/product_tag?post=5150"}],"curies":[{"name":"wp","href":"https:\/\/api.w.org\/{rel}","templated":true}]}}